{"id":810,"date":"2021-08-22T14:37:23","date_gmt":"2021-08-22T14:37:23","guid":{"rendered":"http:\/\/iava.es\/?page_id=810"},"modified":"2022-09-08T07:30:19","modified_gmt":"2022-09-08T07:30:19","slug":"elementor-810","status":"publish","type":"page","link":"https:\/\/iava.es\/?page_id=810","title":{"rendered":"Sistemas IAVA"},"content":{"rendered":"\t\t<div data-elementor-type=\"wp-page\" data-elementor-id=\"810\" class=\"elementor elementor-810\" data-elementor-settings=\"[]\">\n\t\t\t\t\t\t\t<div class=\"elementor-section-wrap\">\n\t\t\t\t\t\t\t<section class=\"elementor-section elementor-top-section elementor-element elementor-element-61d939c elementor-section-height-min-height elementor-section-content-middle elementor-section-boxed elementor-section-height-default elementor-section-items-middle elementor-invisible\" data-id=\"61d939c\" data-element_type=\"section\" data-settings=\"{&quot;background_background&quot;:&quot;classic&quot;,&quot;animation&quot;:&quot;fadeInDown&quot;}\">\n\t\t\t\t\t\t\t<div class=\"elementor-background-overlay\"><\/div>\n\t\t\t\t\t\t\t<div class=\"elementor-container elementor-column-gap-default\">\n\t\t\t\t\t<div class=\"elementor-column elementor-col-100 elementor-top-column elementor-element elementor-element-d50fb2b\" data-id=\"d50fb2b\" data-element_type=\"column\">\n\t\t\t<div class=\"elementor-widget-wrap elementor-element-populated\">\n\t\t\t\t\t\t\t\t<div class=\"elementor-element elementor-element-e8a9acb elementor-widget elementor-widget-heading\" data-id=\"e8a9acb\" data-element_type=\"widget\" data-widget_type=\"heading.default\">\n\t\t\t\t<div class=\"elementor-widget-container\">\n\t\t\t<h2 class=\"elementor-heading-title elementor-size-default\">SISTEMAS IAVA<\/h2>\t\t<\/div>\n\t\t\t\t<\/div>\n\t\t\t\t<div class=\"elementor-element elementor-element-26eb243 elementor-widget elementor-widget-text-editor\" data-id=\"26eb243\" data-element_type=\"widget\" data-widget_type=\"text-editor.default\">\n\t\t\t\t<div class=\"elementor-widget-container\">\n\t\t\t\t\t<div class=\"elementor-text-editor elementor-clearfix\"><p>CREAMOS MICROCONTROLADORAS A MEDIDA PARA INFINIDAD DE USOS<\/p><\/div>\n\t\t\t\t<\/div>\n\t\t\t\t<\/div>\n\t\t\t\t\t<\/div>\n\t\t<\/div>\n\t\t\t\t\t\t\t<\/div>\n\t\t<\/section>\n\t\t\t\t<section class=\"elementor-section elementor-top-section elementor-element elementor-element-d3a66cf elementor-section-boxed elementor-section-height-default elementor-section-height-default\" data-id=\"d3a66cf\" data-element_type=\"section\">\n\t\t\t\t\t\t<div class=\"elementor-container elementor-column-gap-default\">\n\t\t\t\t\t<div class=\"elementor-column elementor-col-100 elementor-top-column elementor-element elementor-element-e82ce79\" data-id=\"e82ce79\" data-element_type=\"column\">\n\t\t\t<div class=\"elementor-widget-wrap elementor-element-populated\">\n\t\t\t\t\t\t\t\t<div class=\"elementor-element elementor-element-72c93e9 elementor-widget elementor-widget-image\" data-id=\"72c93e9\" data-element_type=\"widget\" data-widget_type=\"image.default\">\n\t\t\t\t<div class=\"elementor-widget-container\">\n\t\t\t\t\t<div class=\"elementor-image\">\n\t\t\t\t\t\t\t\t\t\t<img loading=\"lazy\" decoding=\"async\" width=\"1024\" height=\"498\" src=\"https:\/\/iava.es\/wp-content\/uploads\/2021\/08\/sensores-0.2-1024x498.png\" class=\"attachment-large size-large\" alt=\"\" srcset=\"https:\/\/iava.es\/wp-content\/uploads\/2021\/08\/sensores-0.2-1024x498.png 1024w, https:\/\/iava.es\/wp-content\/uploads\/2021\/08\/sensores-0.2-300x146.png 300w, https:\/\/iava.es\/wp-content\/uploads\/2021\/08\/sensores-0.2-768x374.png 768w, https:\/\/iava.es\/wp-content\/uploads\/2021\/08\/sensores-0.2-1536x747.png 1536w, https:\/\/iava.es\/wp-content\/uploads\/2021\/08\/sensores-0.2-2048x996.png 2048w\" sizes=\"auto, (max-width: 1024px) 100vw, 1024px\" \/>\t\t\t\t\t\t\t\t\t\t\t<\/div>\n\t\t\t\t<\/div>\n\t\t\t\t<\/div>\n\t\t\t\t\t<\/div>\n\t\t<\/div>\n\t\t\t\t\t\t\t<\/div>\n\t\t<\/section>\n\t\t\t\t<section class=\"elementor-section elementor-top-section elementor-element elementor-element-fad6d1d elementor-section-boxed elementor-section-height-default elementor-section-height-default\" data-id=\"fad6d1d\" data-element_type=\"section\">\n\t\t\t\t\t\t<div class=\"elementor-container elementor-column-gap-default\">\n\t\t\t\t\t<div class=\"elementor-column elementor-col-100 elementor-top-column elementor-element elementor-element-1c3f291\" data-id=\"1c3f291\" data-element_type=\"column\">\n\t\t\t<div class=\"elementor-widget-wrap elementor-element-populated\">\n\t\t\t\t\t\t\t\t<div class=\"elementor-element elementor-element-9ea36af elementor-widget elementor-widget-text-editor\" data-id=\"9ea36af\" data-element_type=\"widget\" data-widget_type=\"text-editor.default\">\n\t\t\t\t<div class=\"elementor-widget-container\">\n\t\t\t\t\t<div class=\"elementor-text-editor elementor-clearfix\"><p>Sistemas de control para alarmas, accionamientos remotos, consulta de datos, etc.<\/p><p>Uso de radiofrecuencia de largo alcance y bajo consumo para zonas donde no se dispone de cobertura o electrificaci\u00f3n.\u00a0<\/p><p>Podemos tomar cualquier se\u00f1al de un sensor y enviar esos datos a una aplicaci\u00f3n de smartphone o por SMS y actuar remotamente.\u00a0<\/p><p><span style=\"font-style: inherit; font-weight: inherit;\">Avisos\u00a0 de alarma , como falta de tensi\u00f3n, cambio de temperatura , humedad, detecci\u00f3n, etc&#8230;.\u00a0\u00a0<\/span><\/p><p>\u00a0<\/p><\/div>\n\t\t\t\t<\/div>\n\t\t\t\t<\/div>\n\t\t\t\t\t<\/div>\n\t\t<\/div>\n\t\t\t\t\t\t\t<\/div>\n\t\t<\/section>\n\t\t\t\t\t\t<\/div>\n\t\t\t\t\t<\/div>\n\t\t","protected":false},"excerpt":{"rendered":"<p>SISTEMAS IAVA CREAMOS MICROCONTROLADORAS A MEDIDA PARA INFINIDAD DE USOS Sistemas de control para alarmas, accionamientos remotos, consulta de datos, etc. Uso de radiofrecuencia de largo alcance y bajo consumo para zonas donde no se dispone de cobertura o electrificaci\u00f3n.\u00a0 Podemos tomar cualquier se\u00f1al de un sensor y enviar esos datos a una aplicaci\u00f3n de &hellip;<\/p>\n<p class=\"read-more\"> <a class=\"\" href=\"https:\/\/iava.es\/?page_id=810\"> <span class=\"screen-reader-text\">Sistemas IAVA<\/span> Leer m\u00e1s &raquo;<\/a><\/p>\n","protected":false},"author":1,"featured_media":0,"parent":0,"menu_order":0,"comment_status":"closed","ping_status":"closed","template":"","meta":{"footnotes":""},"class_list":["post-810","page","type-page","status-publish","hentry"],"yoast_head":"<!-- This site is optimized with the Yoast SEO plugin v16.1.1 - https:\/\/yoast.com\/wordpress\/plugins\/seo\/ -->\n<title>Sistemas IAVA - ingenieria<\/title>\n<link rel=\"canonical\" href=\"https:\/\/iava.es\/?page_id=810\" \/>\n<meta property=\"og:locale\" content=\"es_ES\" \/>\n<meta property=\"og:type\" content=\"article\" \/>\n<meta property=\"og:title\" content=\"Sistemas IAVA - ingenieria\" \/>\n<meta property=\"og:description\" content=\"SISTEMAS IAVA CREAMOS MICROCONTROLADORAS A MEDIDA PARA INFINIDAD DE USOS Sistemas de control para alarmas, accionamientos remotos, consulta de datos, etc. Uso de radiofrecuencia de largo alcance y bajo consumo para zonas donde no se dispone de cobertura o electrificaci\u00f3n.\u00a0 Podemos tomar cualquier se\u00f1al de un sensor y enviar esos datos a una aplicaci\u00f3n de &hellip; Sistemas IAVA Leer m\u00e1s &raquo;\" \/>\n<meta property=\"og:url\" content=\"https:\/\/iava.es\/?page_id=810\" \/>\n<meta property=\"og:site_name\" content=\"ingenieria\" \/>\n<meta property=\"article:modified_time\" content=\"2022-09-08T07:30:19+00:00\" \/>\n<meta property=\"og:image\" content=\"https:\/\/iava.es\/wp-content\/uploads\/2021\/08\/sensores-0.2-1024x498.png\" \/>\n<meta name=\"twitter:card\" content=\"summary_large_image\" \/>\n<meta name=\"twitter:label1\" content=\"Tiempo de lectura\">\n\t<meta name=\"twitter:data1\" content=\"1 minuto\">\n<script type=\"application\/ld+json\" class=\"yoast-schema-graph\">{\"@context\":\"https:\/\/schema.org\",\"@graph\":[{\"@type\":\"Organization\",\"@id\":\"https:\/\/iava.es\/#organization\",\"name\":\"IAVA - Ingenier\\u00eda en Automatizaci\\u00f3n y Visi\\u00f3n Artificial\",\"url\":\"https:\/\/iava.es\/\",\"sameAs\":[],\"logo\":{\"@type\":\"ImageObject\",\"@id\":\"https:\/\/iava.es\/#logo\",\"inLanguage\":\"es\",\"url\":\"https:\/\/iava.es\/wp-content\/uploads\/2021\/03\/logo-iava3.png\",\"contentUrl\":\"https:\/\/iava.es\/wp-content\/uploads\/2021\/03\/logo-iava3.png\",\"width\":77,\"height\":57,\"caption\":\"IAVA - Ingenier\\u00eda en Automatizaci\\u00f3n y Visi\\u00f3n Artificial\"},\"image\":{\"@id\":\"https:\/\/iava.es\/#logo\"}},{\"@type\":\"WebSite\",\"@id\":\"https:\/\/iava.es\/#website\",\"url\":\"https:\/\/iava.es\/\",\"name\":\"ingenieria\",\"description\":\"Ingenier\\u00eda en Automatizaci\\u00f3n y Visi\\u00f3n Artificial\",\"publisher\":{\"@id\":\"https:\/\/iava.es\/#organization\"},\"potentialAction\":[{\"@type\":\"SearchAction\",\"target\":\"https:\/\/iava.es\/?s={search_term_string}\",\"query-input\":\"required name=search_term_string\"}],\"inLanguage\":\"es\"},{\"@type\":\"ImageObject\",\"@id\":\"https:\/\/iava.es\/?page_id=810#primaryimage\",\"inLanguage\":\"es\",\"url\":\"https:\/\/iava.es\/wp-content\/uploads\/2021\/08\/sensores-0.2.png\",\"contentUrl\":\"https:\/\/iava.es\/wp-content\/uploads\/2021\/08\/sensores-0.2.png\",\"width\":2788,\"height\":1356},{\"@type\":\"WebPage\",\"@id\":\"https:\/\/iava.es\/?page_id=810#webpage\",\"url\":\"https:\/\/iava.es\/?page_id=810\",\"name\":\"Sistemas IAVA - ingenieria\",\"isPartOf\":{\"@id\":\"https:\/\/iava.es\/#website\"},\"primaryImageOfPage\":{\"@id\":\"https:\/\/iava.es\/?page_id=810#primaryimage\"},\"datePublished\":\"2021-08-22T14:37:23+00:00\",\"dateModified\":\"2022-09-08T07:30:19+00:00\",\"breadcrumb\":{\"@id\":\"https:\/\/iava.es\/?page_id=810#breadcrumb\"},\"inLanguage\":\"es\",\"potentialAction\":[{\"@type\":\"ReadAction\",\"target\":[\"https:\/\/iava.es\/?page_id=810\"]}]},{\"@type\":\"BreadcrumbList\",\"@id\":\"https:\/\/iava.es\/?page_id=810#breadcrumb\",\"itemListElement\":[{\"@type\":\"ListItem\",\"position\":1,\"item\":{\"@type\":\"WebPage\",\"@id\":\"https:\/\/iava.es\/\",\"url\":\"https:\/\/iava.es\/\",\"name\":\"Portada\"}},{\"@type\":\"ListItem\",\"position\":2,\"item\":{\"@type\":\"WebPage\",\"@id\":\"https:\/\/iava.es\/?page_id=810\",\"url\":\"https:\/\/iava.es\/?page_id=810\",\"name\":\"Sistemas IAVA\"}}]}]}<\/script>\n<!-- \/ Yoast SEO plugin. -->","_links":{"self":[{"href":"https:\/\/iava.es\/index.php?rest_route=\/wp\/v2\/pages\/810","targetHints":{"allow":["GET"]}}],"collection":[{"href":"https:\/\/iava.es\/index.php?rest_route=\/wp\/v2\/pages"}],"about":[{"href":"https:\/\/iava.es\/index.php?rest_route=\/wp\/v2\/types\/page"}],"author":[{"embeddable":true,"href":"https:\/\/iava.es\/index.php?rest_route=\/wp\/v2\/users\/1"}],"replies":[{"embeddable":true,"href":"https:\/\/iava.es\/index.php?rest_route=%2Fwp%2Fv2%2Fcomments&post=810"}],"version-history":[{"count":25,"href":"https:\/\/iava.es\/index.php?rest_route=\/wp\/v2\/pages\/810\/revisions"}],"predecessor-version":[{"id":1069,"href":"https:\/\/iava.es\/index.php?rest_route=\/wp\/v2\/pages\/810\/revisions\/1069"}],"wp:attachment":[{"href":"https:\/\/iava.es\/index.php?rest_route=%2Fwp%2Fv2%2Fmedia&parent=810"}],"curies":[{"name":"wp","href":"https:\/\/api.w.org\/{rel}","templated":true}]}}