{"id":257,"date":"2021-03-16T15:58:31","date_gmt":"2021-03-16T15:58:31","guid":{"rendered":"http:\/\/iava.es\/?page_id=257"},"modified":"2021-06-17T19:21:14","modified_gmt":"2021-06-17T19:21:14","slug":"automatizacion","status":"publish","type":"page","link":"https:\/\/iava.es\/?page_id=257","title":{"rendered":"Automatizaci\u00f3n"},"content":{"rendered":"\t\t<div data-elementor-type=\"wp-page\" data-elementor-id=\"257\" class=\"elementor elementor-257\" data-elementor-settings=\"[]\">\n\t\t\t\t\t\t\t<div class=\"elementor-section-wrap\">\n\t\t\t\t\t\t\t<section class=\"elementor-section elementor-top-section elementor-element elementor-element-b7dbb57 elementor-section-height-min-height elementor-section-content-middle elementor-section-boxed elementor-section-height-default elementor-section-items-middle elementor-invisible\" data-id=\"b7dbb57\" data-element_type=\"section\" data-settings=\"{&quot;background_background&quot;:&quot;classic&quot;,&quot;animation&quot;:&quot;fadeInDown&quot;}\">\n\t\t\t\t\t\t\t<div class=\"elementor-background-overlay\"><\/div>\n\t\t\t\t\t\t\t<div class=\"elementor-container elementor-column-gap-default\">\n\t\t\t\t\t<div class=\"elementor-column elementor-col-100 elementor-top-column elementor-element elementor-element-58e4f00\" data-id=\"58e4f00\" data-element_type=\"column\">\n\t\t\t<div class=\"elementor-widget-wrap elementor-element-populated\">\n\t\t\t\t\t\t\t\t<div class=\"elementor-element elementor-element-23620b9 elementor-widget elementor-widget-heading\" data-id=\"23620b9\" data-element_type=\"widget\" data-widget_type=\"heading.default\">\n\t\t\t\t<div class=\"elementor-widget-container\">\n\t\t\t<h2 class=\"elementor-heading-title elementor-size-default\">automatizaci\u00f3n<\/h2>\t\t<\/div>\n\t\t\t\t<\/div>\n\t\t\t\t<div class=\"elementor-element elementor-element-af8e65a elementor-widget elementor-widget-text-editor\" data-id=\"af8e65a\" data-element_type=\"widget\" data-widget_type=\"text-editor.default\">\n\t\t\t\t<div class=\"elementor-widget-container\">\n\t\t\t\t\t<div class=\"elementor-text-editor elementor-clearfix\"><p><strong>MAS DE 30 A\u00d1OS DE EXPERIENCIA EN AUTOMATIZACI\u00d3N, CUADROS ELECTRICOS Y PUESTA EN MARCHA<\/strong>\u00a0\u00a0<\/p><\/div>\n\t\t\t\t<\/div>\n\t\t\t\t<\/div>\n\t\t\t\t\t<\/div>\n\t\t<\/div>\n\t\t\t\t\t\t\t<\/div>\n\t\t<\/section>\n\t\t\t\t<section class=\"elementor-section elementor-top-section elementor-element elementor-element-0fd0fc8 elementor-section-content-middle elementor-section-boxed elementor-section-height-default elementor-section-height-default\" data-id=\"0fd0fc8\" data-element_type=\"section\" data-settings=\"{&quot;background_background&quot;:&quot;classic&quot;}\">\n\t\t\t\t\t\t<div class=\"elementor-container elementor-column-gap-no\">\n\t\t\t\t\t<div class=\"elementor-column elementor-col-100 elementor-top-column elementor-element elementor-element-9cd40e9\" data-id=\"9cd40e9\" data-element_type=\"column\">\n\t\t\t<div class=\"elementor-widget-wrap elementor-element-populated\">\n\t\t\t\t\t\t\t\t<div class=\"elementor-element elementor-element-5241d58 elementor-widget elementor-widget-heading\" data-id=\"5241d58\" data-element_type=\"widget\" data-widget_type=\"heading.default\">\n\t\t\t\t<div class=\"elementor-widget-container\">\n\t\t\t<h4 class=\"elementor-heading-title elementor-size-default\">AUTOMATIZACI\u00d3N <\/h4>\t\t<\/div>\n\t\t\t\t<\/div>\n\t\t\t\t<section class=\"elementor-section elementor-inner-section elementor-element elementor-element-333f95b elementor-section-content-middle elementor-section-boxed elementor-section-height-default elementor-section-height-default\" data-id=\"333f95b\" data-element_type=\"section\">\n\t\t\t\t\t\t<div class=\"elementor-container elementor-column-gap-no\">\n\t\t\t\t\t<div class=\"elementor-column elementor-col-100 elementor-inner-column elementor-element elementor-element-01cf6b1\" data-id=\"01cf6b1\" data-element_type=\"column\">\n\t\t\t<div class=\"elementor-widget-wrap elementor-element-populated\">\n\t\t\t\t\t\t\t\t<div class=\"elementor-element elementor-element-8852337 elementor-position-left elementor-vertical-align-top elementor-invisible elementor-widget elementor-widget-image-box\" data-id=\"8852337\" data-element_type=\"widget\" data-settings=\"{&quot;_animation&quot;:&quot;fadeInLeft&quot;}\" data-widget_type=\"image-box.default\">\n\t\t\t\t<div class=\"elementor-widget-container\">\n\t\t\t<div class=\"elementor-image-box-wrapper\"><figure class=\"elementor-image-box-img\"><img loading=\"lazy\" decoding=\"async\" width=\"300\" height=\"179\" src=\"https:\/\/iava.es\/wp-content\/uploads\/2021\/03\/images-1-300x179.png\" class=\"attachment-medium size-medium\" alt=\"\" srcset=\"https:\/\/iava.es\/wp-content\/uploads\/2021\/03\/images-1-300x179.png 300w, https:\/\/iava.es\/wp-content\/uploads\/2021\/03\/images-1-768x459.png 768w, https:\/\/iava.es\/wp-content\/uploads\/2021\/03\/images-1.png 917w\" sizes=\"auto, (max-width: 300px) 100vw, 300px\" \/><\/figure><div class=\"elementor-image-box-content\"><h3 class=\"elementor-image-box-title\">Dise\u00f1o el\u00e9ctrico <\/h3><\/div><\/div>\t\t<\/div>\n\t\t\t\t<\/div>\n\t\t\t\t<div class=\"elementor-element elementor-element-c6b0369 elementor-position-left elementor-vertical-align-top elementor-invisible elementor-widget elementor-widget-image-box\" data-id=\"c6b0369\" data-element_type=\"widget\" data-settings=\"{&quot;_animation&quot;:&quot;fadeInRight&quot;}\" data-widget_type=\"image-box.default\">\n\t\t\t\t<div class=\"elementor-widget-container\">\n\t\t\t<div class=\"elementor-image-box-wrapper\"><figure class=\"elementor-image-box-img\"><img loading=\"lazy\" decoding=\"async\" width=\"300\" height=\"181\" src=\"https:\/\/iava.es\/wp-content\/uploads\/2021\/03\/285769041_9-300x181.jpg\" class=\"attachment-medium size-medium\" alt=\"\" srcset=\"https:\/\/iava.es\/wp-content\/uploads\/2021\/03\/285769041_9-300x181.jpg 300w, https:\/\/iava.es\/wp-content\/uploads\/2021\/03\/285769041_9.jpg 524w\" sizes=\"auto, (max-width: 300px) 100vw, 300px\" \/><\/figure><div class=\"elementor-image-box-content\"><h3 class=\"elementor-image-box-title\">Montaje cuadros El\u00e9ctricos<\/h3><\/div><\/div>\t\t<\/div>\n\t\t\t\t<\/div>\n\t\t\t\t<div class=\"elementor-element elementor-element-c95660a elementor-position-left elementor-vertical-align-top elementor-invisible elementor-widget elementor-widget-image-box\" data-id=\"c95660a\" data-element_type=\"widget\" data-settings=\"{&quot;_animation&quot;:&quot;fadeInLeft&quot;}\" data-widget_type=\"image-box.default\">\n\t\t\t\t<div class=\"elementor-widget-container\">\n\t\t\t<div class=\"elementor-image-box-wrapper\"><figure class=\"elementor-image-box-img\"><img loading=\"lazy\" decoding=\"async\" width=\"300\" height=\"169\" src=\"https:\/\/iava.es\/wp-content\/uploads\/2021\/03\/maxresdefault-300x169.jpg\" class=\"attachment-medium size-medium\" alt=\"\" srcset=\"https:\/\/iava.es\/wp-content\/uploads\/2021\/03\/maxresdefault-300x169.jpg 300w, https:\/\/iava.es\/wp-content\/uploads\/2021\/03\/maxresdefault-1024x576.jpg 1024w, https:\/\/iava.es\/wp-content\/uploads\/2021\/03\/maxresdefault-768x432.jpg 768w, https:\/\/iava.es\/wp-content\/uploads\/2021\/03\/maxresdefault.jpg 1280w\" sizes=\"auto, (max-width: 300px) 100vw, 300px\" \/><\/figure><div class=\"elementor-image-box-content\"><h3 class=\"elementor-image-box-title\">Programaci\u00f3n PLC<\/h3><\/div><\/div>\t\t<\/div>\n\t\t\t\t<\/div>\n\t\t\t\t<div class=\"elementor-element elementor-element-423669a elementor-position-left elementor-vertical-align-top elementor-invisible elementor-widget elementor-widget-image-box\" data-id=\"423669a\" data-element_type=\"widget\" data-settings=\"{&quot;_animation&quot;:&quot;fadeInRight&quot;}\" data-widget_type=\"image-box.default\">\n\t\t\t\t<div class=\"elementor-widget-container\">\n\t\t\t<div class=\"elementor-image-box-wrapper\"><figure class=\"elementor-image-box-img\"><img loading=\"lazy\" decoding=\"async\" width=\"300\" height=\"179\" src=\"https:\/\/iava.es\/wp-content\/uploads\/2021\/03\/variadores-300x179.jpg\" class=\"attachment-medium size-medium\" alt=\"\" srcset=\"https:\/\/iava.es\/wp-content\/uploads\/2021\/03\/variadores-300x179.jpg 300w, https:\/\/iava.es\/wp-content\/uploads\/2021\/03\/variadores.jpg 700w\" sizes=\"auto, (max-width: 300px) 100vw, 300px\" \/><\/figure><div class=\"elementor-image-box-content\"><h3 class=\"elementor-image-box-title\">Variadores de frecuencia <\/h3><\/div><\/div>\t\t<\/div>\n\t\t\t\t<\/div>\n\t\t\t\t<div class=\"elementor-element elementor-element-06c6b31 elementor-position-left elementor-vertical-align-top elementor-invisible elementor-widget elementor-widget-image-box\" data-id=\"06c6b31\" data-element_type=\"widget\" data-settings=\"{&quot;_animation&quot;:&quot;fadeInLeft&quot;}\" data-widget_type=\"image-box.default\">\n\t\t\t\t<div class=\"elementor-widget-container\">\n\t\t\t<div class=\"elementor-image-box-wrapper\"><figure class=\"elementor-image-box-img\"><img loading=\"lazy\" decoding=\"async\" width=\"300\" height=\"183\" src=\"https:\/\/iava.es\/wp-content\/uploads\/2021\/03\/39f01ec0f0075c5f9749040c86618e73_XL-300x183.jpg\" class=\"attachment-medium size-medium\" alt=\"\" srcset=\"https:\/\/iava.es\/wp-content\/uploads\/2021\/03\/39f01ec0f0075c5f9749040c86618e73_XL-300x183.jpg 300w, https:\/\/iava.es\/wp-content\/uploads\/2021\/03\/39f01ec0f0075c5f9749040c86618e73_XL-768x468.jpg 768w, https:\/\/iava.es\/wp-content\/uploads\/2021\/03\/39f01ec0f0075c5f9749040c86618e73_XL.jpg 800w\" sizes=\"auto, (max-width: 300px) 100vw, 300px\" \/><\/figure><div class=\"elementor-image-box-content\"><h3 class=\"elementor-image-box-title\">Servos y controladoras<\/h3><\/div><\/div>\t\t<\/div>\n\t\t\t\t<\/div>\n\t\t\t\t<div class=\"elementor-element elementor-element-98c3d1b elementor-position-left elementor-vertical-align-top elementor-invisible elementor-widget elementor-widget-image-box\" data-id=\"98c3d1b\" data-element_type=\"widget\" data-settings=\"{&quot;_animation&quot;:&quot;fadeInRight&quot;}\" data-widget_type=\"image-box.default\">\n\t\t\t\t<div class=\"elementor-widget-container\">\n\t\t\t<div class=\"elementor-image-box-wrapper\"><figure class=\"elementor-image-box-img\"><img loading=\"lazy\" decoding=\"async\" width=\"300\" height=\"200\" src=\"https:\/\/iava.es\/wp-content\/uploads\/2021\/03\/tendencias-en-sistemas-hidraulicos-y-neumaticos-1-g-300x200.jpg\" class=\"attachment-medium size-medium\" alt=\"\" srcset=\"https:\/\/iava.es\/wp-content\/uploads\/2021\/03\/tendencias-en-sistemas-hidraulicos-y-neumaticos-1-g-300x200.jpg 300w, https:\/\/iava.es\/wp-content\/uploads\/2021\/03\/tendencias-en-sistemas-hidraulicos-y-neumaticos-1-g-768x512.jpg 768w, https:\/\/iava.es\/wp-content\/uploads\/2021\/03\/tendencias-en-sistemas-hidraulicos-y-neumaticos-1-g.jpg 844w\" sizes=\"auto, (max-width: 300px) 100vw, 300px\" \/><\/figure><div class=\"elementor-image-box-content\"><h3 class=\"elementor-image-box-title\">Actuadores hidr\u00e1ulicos y neum\u00e1ticos<\/h3><\/div><\/div>\t\t<\/div>\n\t\t\t\t<\/div>\n\t\t\t\t<div class=\"elementor-element elementor-element-d095a09 elementor-position-left elementor-vertical-align-top elementor-invisible elementor-widget elementor-widget-image-box\" data-id=\"d095a09\" data-element_type=\"widget\" data-settings=\"{&quot;_animation&quot;:&quot;fadeInLeft&quot;}\" data-widget_type=\"image-box.default\">\n\t\t\t\t<div class=\"elementor-widget-container\">\n\t\t\t<div class=\"elementor-image-box-wrapper\"><figure class=\"elementor-image-box-img\"><img loading=\"lazy\" decoding=\"async\" width=\"300\" height=\"183\" src=\"https:\/\/iava.es\/wp-content\/uploads\/2021\/03\/7c2d743b1fdd926bf8c076a5721d1478_L-300x183.jpg\" class=\"attachment-medium size-medium\" alt=\"\" srcset=\"https:\/\/iava.es\/wp-content\/uploads\/2021\/03\/7c2d743b1fdd926bf8c076a5721d1478_L-300x183.jpg 300w, https:\/\/iava.es\/wp-content\/uploads\/2021\/03\/7c2d743b1fdd926bf8c076a5721d1478_L.jpg 600w\" sizes=\"auto, (max-width: 300px) 100vw, 300px\" \/><\/figure><div class=\"elementor-image-box-content\"><h3 class=\"elementor-image-box-title\">Sens\u00f3rica<\/h3><\/div><\/div>\t\t<\/div>\n\t\t\t\t<\/div>\n\t\t\t\t<div class=\"elementor-element elementor-element-a6f7cbd elementor-position-left elementor-vertical-align-top elementor-invisible elementor-widget elementor-widget-image-box\" data-id=\"a6f7cbd\" data-element_type=\"widget\" data-settings=\"{&quot;_animation&quot;:&quot;fadeInRight&quot;}\" data-widget_type=\"image-box.default\">\n\t\t\t\t<div class=\"elementor-widget-container\">\n\t\t\t<div class=\"elementor-image-box-wrapper\"><figure class=\"elementor-image-box-img\"><img loading=\"lazy\" decoding=\"async\" width=\"297\" height=\"170\" src=\"https:\/\/iava.es\/wp-content\/uploads\/2021\/03\/images-2.jpg\" class=\"attachment-medium size-medium\" alt=\"\" \/><\/figure><div class=\"elementor-image-box-content\"><h3 class=\"elementor-image-box-title\">Seguridad<\/h3><\/div><\/div>\t\t<\/div>\n\t\t\t\t<\/div>\n\t\t\t\t<div class=\"elementor-element elementor-element-07e12ce elementor-position-left elementor-vertical-align-top elementor-invisible elementor-widget elementor-widget-image-box\" data-id=\"07e12ce\" data-element_type=\"widget\" data-settings=\"{&quot;_animation&quot;:&quot;fadeInLeft&quot;}\" data-widget_type=\"image-box.default\">\n\t\t\t\t<div class=\"elementor-widget-container\">\n\t\t\t<div class=\"elementor-image-box-wrapper\"><figure class=\"elementor-image-box-img\"><img loading=\"lazy\" decoding=\"async\" width=\"300\" height=\"173\" src=\"https:\/\/iava.es\/wp-content\/uploads\/2021\/03\/unnamed-1-300x173.jpg\" class=\"attachment-medium size-medium\" alt=\"\" srcset=\"https:\/\/iava.es\/wp-content\/uploads\/2021\/03\/unnamed-1-300x173.jpg 300w, https:\/\/iava.es\/wp-content\/uploads\/2021\/03\/unnamed-1.jpg 346w\" sizes=\"auto, (max-width: 300px) 100vw, 300px\" \/><\/figure><div class=\"elementor-image-box-content\"><h3 class=\"elementor-image-box-title\">Sistemas de visi\u00f3n Industrial<\/h3><\/div><\/div>\t\t<\/div>\n\t\t\t\t<\/div>\n\t\t\t\t<div class=\"elementor-element elementor-element-857554c elementor-position-left elementor-vertical-align-top elementor-invisible elementor-widget elementor-widget-image-box\" data-id=\"857554c\" data-element_type=\"widget\" data-settings=\"{&quot;_animation&quot;:&quot;fadeInRight&quot;}\" data-widget_type=\"image-box.default\">\n\t\t\t\t<div class=\"elementor-widget-container\">\n\t\t\t<div class=\"elementor-image-box-wrapper\"><figure class=\"elementor-image-box-img\"><img loading=\"lazy\" decoding=\"async\" width=\"300\" height=\"225\" src=\"https:\/\/iava.es\/wp-content\/uploads\/2021\/03\/bc9b9c619c06c509500da6f541a0a4ee-300x225.jpg\" class=\"attachment-medium size-medium\" alt=\"\" srcset=\"https:\/\/iava.es\/wp-content\/uploads\/2021\/03\/bc9b9c619c06c509500da6f541a0a4ee-300x225.jpg 300w, https:\/\/iava.es\/wp-content\/uploads\/2021\/03\/bc9b9c619c06c509500da6f541a0a4ee.jpg 473w\" sizes=\"auto, (max-width: 300px) 100vw, 300px\" \/><\/figure><div class=\"elementor-image-box-content\"><h3 class=\"elementor-image-box-title\">Sistemas de Scada  industriales<\/h3><\/div><\/div>\t\t<\/div>\n\t\t\t\t<\/div>\n\t\t\t\t\t<\/div>\n\t\t<\/div>\n\t\t\t\t\t\t\t<\/div>\n\t\t<\/section>\n\t\t\t\t\t<\/div>\n\t\t<\/div>\n\t\t\t\t\t\t\t<\/div>\n\t\t<\/section>\n\t\t\t\t\t\t<\/div>\n\t\t\t\t\t<\/div>\n\t\t","protected":false},"excerpt":{"rendered":"<p>automatizaci\u00f3n MAS DE 30 A\u00d1OS DE EXPERIENCIA EN AUTOMATIZACI\u00d3N, CUADROS ELECTRICOS Y PUESTA EN MARCHA\u00a0\u00a0 AUTOMATIZACI\u00d3N Dise\u00f1o el\u00e9ctrico Montaje cuadros El\u00e9ctricos Programaci\u00f3n PLC Variadores de frecuencia Servos y controladoras Actuadores hidr\u00e1ulicos y neum\u00e1ticos Sens\u00f3rica Seguridad Sistemas de visi\u00f3n Industrial Sistemas de Scada industriales<\/p>\n","protected":false},"author":1,"featured_media":0,"parent":0,"menu_order":0,"comment_status":"closed","ping_status":"closed","template":"","meta":{"footnotes":""},"class_list":["post-257","page","type-page","status-publish","hentry"],"yoast_head":"<!-- This site is optimized with the Yoast SEO plugin v16.1.1 - https:\/\/yoast.com\/wordpress\/plugins\/seo\/ -->\n<title>Automatizaci\u00f3n - ingenieria<\/title>\n<link rel=\"canonical\" href=\"https:\/\/iava.es\/?page_id=257\" \/>\n<meta property=\"og:locale\" content=\"es_ES\" \/>\n<meta property=\"og:type\" content=\"article\" \/>\n<meta property=\"og:title\" content=\"Automatizaci\u00f3n - ingenieria\" \/>\n<meta property=\"og:description\" content=\"automatizaci\u00f3n MAS DE 30 A\u00d1OS DE EXPERIENCIA EN AUTOMATIZACI\u00d3N, CUADROS ELECTRICOS Y PUESTA EN MARCHA\u00a0\u00a0 AUTOMATIZACI\u00d3N Dise\u00f1o el\u00e9ctrico Montaje cuadros El\u00e9ctricos Programaci\u00f3n PLC Variadores de frecuencia Servos y controladoras Actuadores hidr\u00e1ulicos y neum\u00e1ticos Sens\u00f3rica Seguridad Sistemas de visi\u00f3n Industrial Sistemas de Scada industriales\" \/>\n<meta property=\"og:url\" content=\"https:\/\/iava.es\/?page_id=257\" \/>\n<meta property=\"og:site_name\" content=\"ingenieria\" \/>\n<meta property=\"article:modified_time\" content=\"2021-06-17T19:21:14+00:00\" \/>\n<meta property=\"og:image\" content=\"https:\/\/iava.es\/wp-content\/uploads\/2021\/03\/images-1-300x179.png\" \/>\n<meta name=\"twitter:card\" content=\"summary_large_image\" \/>\n<meta name=\"twitter:label1\" content=\"Tiempo de lectura\">\n\t<meta name=\"twitter:data1\" content=\"3 minutos\">\n<script type=\"application\/ld+json\" class=\"yoast-schema-graph\">{\"@context\":\"https:\/\/schema.org\",\"@graph\":[{\"@type\":\"Organization\",\"@id\":\"https:\/\/iava.es\/#organization\",\"name\":\"IAVA - Ingenier\\u00eda en Automatizaci\\u00f3n y Visi\\u00f3n Artificial\",\"url\":\"https:\/\/iava.es\/\",\"sameAs\":[],\"logo\":{\"@type\":\"ImageObject\",\"@id\":\"https:\/\/iava.es\/#logo\",\"inLanguage\":\"es\",\"url\":\"https:\/\/iava.es\/wp-content\/uploads\/2021\/03\/logo-iava3.png\",\"contentUrl\":\"https:\/\/iava.es\/wp-content\/uploads\/2021\/03\/logo-iava3.png\",\"width\":77,\"height\":57,\"caption\":\"IAVA - Ingenier\\u00eda en Automatizaci\\u00f3n y Visi\\u00f3n Artificial\"},\"image\":{\"@id\":\"https:\/\/iava.es\/#logo\"}},{\"@type\":\"WebSite\",\"@id\":\"https:\/\/iava.es\/#website\",\"url\":\"https:\/\/iava.es\/\",\"name\":\"ingenieria\",\"description\":\"Ingenier\\u00eda en Automatizaci\\u00f3n y Visi\\u00f3n Artificial\",\"publisher\":{\"@id\":\"https:\/\/iava.es\/#organization\"},\"potentialAction\":[{\"@type\":\"SearchAction\",\"target\":\"https:\/\/iava.es\/?s={search_term_string}\",\"query-input\":\"required name=search_term_string\"}],\"inLanguage\":\"es\"},{\"@type\":\"ImageObject\",\"@id\":\"https:\/\/iava.es\/?page_id=257#primaryimage\",\"inLanguage\":\"es\",\"url\":\"https:\/\/iava.es\/wp-content\/uploads\/2021\/03\/images-1.png\",\"contentUrl\":\"https:\/\/iava.es\/wp-content\/uploads\/2021\/03\/images-1.png\",\"width\":917,\"height\":548},{\"@type\":\"WebPage\",\"@id\":\"https:\/\/iava.es\/?page_id=257#webpage\",\"url\":\"https:\/\/iava.es\/?page_id=257\",\"name\":\"Automatizaci\\u00f3n - ingenieria\",\"isPartOf\":{\"@id\":\"https:\/\/iava.es\/#website\"},\"primaryImageOfPage\":{\"@id\":\"https:\/\/iava.es\/?page_id=257#primaryimage\"},\"datePublished\":\"2021-03-16T15:58:31+00:00\",\"dateModified\":\"2021-06-17T19:21:14+00:00\",\"breadcrumb\":{\"@id\":\"https:\/\/iava.es\/?page_id=257#breadcrumb\"},\"inLanguage\":\"es\",\"potentialAction\":[{\"@type\":\"ReadAction\",\"target\":[\"https:\/\/iava.es\/?page_id=257\"]}]},{\"@type\":\"BreadcrumbList\",\"@id\":\"https:\/\/iava.es\/?page_id=257#breadcrumb\",\"itemListElement\":[{\"@type\":\"ListItem\",\"position\":1,\"item\":{\"@type\":\"WebPage\",\"@id\":\"https:\/\/iava.es\/\",\"url\":\"https:\/\/iava.es\/\",\"name\":\"Portada\"}},{\"@type\":\"ListItem\",\"position\":2,\"item\":{\"@type\":\"WebPage\",\"@id\":\"https:\/\/iava.es\/?page_id=257\",\"url\":\"https:\/\/iava.es\/?page_id=257\",\"name\":\"Automatizaci\\u00f3n\"}}]}]}<\/script>\n<!-- \/ Yoast SEO plugin. -->","_links":{"self":[{"href":"https:\/\/iava.es\/index.php?rest_route=\/wp\/v2\/pages\/257","targetHints":{"allow":["GET"]}}],"collection":[{"href":"https:\/\/iava.es\/index.php?rest_route=\/wp\/v2\/pages"}],"about":[{"href":"https:\/\/iava.es\/index.php?rest_route=\/wp\/v2\/types\/page"}],"author":[{"embeddable":true,"href":"https:\/\/iava.es\/index.php?rest_route=\/wp\/v2\/users\/1"}],"replies":[{"embeddable":true,"href":"https:\/\/iava.es\/index.php?rest_route=%2Fwp%2Fv2%2Fcomments&post=257"}],"version-history":[{"count":38,"href":"https:\/\/iava.es\/index.php?rest_route=\/wp\/v2\/pages\/257\/revisions"}],"predecessor-version":[{"id":728,"href":"https:\/\/iava.es\/index.php?rest_route=\/wp\/v2\/pages\/257\/revisions\/728"}],"wp:attachment":[{"href":"https:\/\/iava.es\/index.php?rest_route=%2Fwp%2Fv2%2Fmedia&parent=257"}],"curies":[{"name":"wp","href":"https:\/\/api.w.org\/{rel}","templated":true}]}}